{"id":3420,"date":"2020-09-08T11:57:19","date_gmt":"2020-09-08T11:57:19","guid":{"rendered":"https:\/\/realagrado.com\/?page_id=3420"},"modified":"2020-09-23T11:28:55","modified_gmt":"2020-09-23T11:28:55","slug":"descubre-nuestros-vinos","status":"publish","type":"page","link":"https:\/\/realagrado.com\/en\/home-real-agrado-rioja-wine\/descubre-nuestros-vinos\/","title":{"rendered":"Descubre Nuestros Vinos"},"content":{"rendered":"<p>[et_pb_section fb_built=&#8221;1&#8243; admin_label=&#8221;Header&#8221; _builder_version=&#8221;4.3.4&#8243; background_color_gradient_direction=&#8221;45deg&#8221; background_enable_image=&#8221;off&#8221; custom_padding=&#8221;0px|0px|0px|0px|true|false&#8221;][et_pb_row _builder_version=&#8221;4.3.4&#8243; background_enable_image=&#8221;off&#8221; transform_translate=&#8221;-25px|-40px&#8221; custom_margin=&#8221;-2px|auto||auto||&#8221; custom_padding=&#8221;3px||0px|||&#8221;][et_pb_column type=&#8221;4_4&#8243; _builder_version=&#8221;3.25&#8243; custom_padding=&#8221;|||&#8221; custom_padding__hover=&#8221;|||&#8221;][et_pb_image src=&#8221;https:\/\/realagrado.com\/wp-content\/uploads\/2020\/04\/BAILARINA_BLANCO.jpg&#8221; align=&#8221;center&#8221; _builder_version=&#8221;4.3.4&#8243; width=&#8221;500px&#8221; custom_margin=&#8221;0px||||false|false&#8221;][\/et_pb_image][et_pb_text _builder_version=&#8221;4.3.4&#8243; text_font=&#8221;||||||||&#8221; text_text_color=&#8221;#000000&#8243; text_font_size=&#8221;40px&#8221; text_line_height=&#8221;2em&#8221; ul_font=&#8221;||||||||&#8221; ol_font=&#8221;||||||||&#8221; header_font=&#8221;Cormorant Garamond|700|||||||&#8221; header_text_color=&#8221;#000000&#8243; header_font_size=&#8221;60px&#8221; header_line_height=&#8221;1.2em&#8221; header_2_font=&#8221;||||||||&#8221; header_3_font=&#8221;||||||||&#8221; header_4_font=&#8221;||||||||&#8221; header_5_font=&#8221;||||||||&#8221; header_6_font=&#8221;||||||||&#8221; background_enable_image=&#8221;off&#8221; transform_translate=&#8221;0px|-70px&#8221; transform_translate_linked=&#8221;off&#8221; text_orientation=&#8221;center&#8221; background_layout=&#8221;dark&#8221; max_width=&#8221;600px&#8221; module_alignment=&#8221;center&#8221; custom_margin=&#8221;||||false|false&#8221; custom_padding=&#8221;||||false|false&#8221; text_font_size_tablet=&#8221;&#8221; text_font_size_phone=&#8221;16px&#8221; text_font_size_last_edited=&#8221;on|phone&#8221; header_font_size_tablet=&#8221;50px&#8221; header_font_size_phone=&#8221;40px&#8221; header_font_size_last_edited=&#8221;on|phone&#8221; locked=&#8221;off&#8221;]Vinos[\/et_pb_text][\/et_pb_column][\/et_pb_row][\/et_pb_section]<\/p>\n","protected":false},"excerpt":{"rendered":"<p>Vinos<\/p>\n","protected":false},"author":2,"featured_media":0,"parent":3397,"menu_order":0,"comment_status":"closed","ping_status":"closed","template":"","meta":{"_et_pb_use_builder":"on","_et_pb_old_content":"[et_pb_section fb_built=\"1\" admin_label=\"Header\" _builder_version=\"4.3.4\" background_color_gradient_direction=\"45deg\" background_enable_image=\"off\" custom_padding=\"0px|0px|0px|0px|true|false\"][et_pb_row _builder_version=\"4.3.4\" background_enable_image=\"off\" transform_translate=\"-25px|-40px\" custom_margin=\"-2px|auto||auto||\" custom_padding=\"3px||0px|||\" hover_enabled=\"0\"][et_pb_column type=\"4_4\" _builder_version=\"3.25\" custom_padding=\"|||\" custom_padding__hover=\"|||\"][et_pb_image src=\"https:\/\/realagrado.com\/wp-content\/uploads\/2020\/04\/BAILARINA_BLANCO.jpg\" align=\"center\" _builder_version=\"4.3.4\" width=\"500px\" custom_margin=\"0px||||false|false\" hover_enabled=\"0\"][\/et_pb_image][et_pb_text _builder_version=\"4.3.4\" text_font=\"||||||||\" text_text_color=\"#000000\" text_font_size=\"40px\" text_line_height=\"2em\" ul_font=\"||||||||\" ol_font=\"||||||||\" header_font=\"Cormorant Garamond|700|||||||\" header_text_color=\"#000000\" header_font_size=\"60px\" header_line_height=\"1.2em\" header_2_font=\"||||||||\" header_3_font=\"||||||||\" header_4_font=\"||||||||\" header_5_font=\"||||||||\" header_6_font=\"||||||||\" background_enable_image=\"off\" transform_translate=\"0px|-70px\" text_orientation=\"center\" background_layout=\"dark\" max_width=\"600px\" module_alignment=\"center\" custom_margin=\"||||false|false\" custom_padding=\"||||false|false\" hover_enabled=\"0\" text_font_size_tablet=\"\" text_font_size_phone=\"16px\" text_font_size_last_edited=\"on|phone\" header_font_size_tablet=\"50px\" header_font_size_phone=\"40px\" header_font_size_last_edited=\"on|phone\" locked=\"off\" transform_translate_linked=\"off\"]Vinos[\/et_pb_text][\/et_pb_column][\/et_pb_row][\/et_pb_section]","_et_gb_content_width":"","footnotes":""},"class_list":["post-3420","page","type-page","status-publish","hentry"],"yoast_head":"<!-- This site is optimized with the Yoast SEO plugin v24.3 - https:\/\/yoast.com\/wordpress\/plugins\/seo\/ -->\n<title>Descubre Nuestros Vinos - Real Agrado<\/title>\n<meta name=\"robots\" content=\"index, follow, max-snippet:-1, max-image-preview:large, max-video-preview:-1\" \/>\n<link rel=\"canonical\" href=\"https:\/\/realagrado.com\/en\/home-real-agrado-rioja-wine\/descubre-nuestros-vinos\/\" \/>\n<meta property=\"og:locale\" content=\"en_US\" \/>\n<meta property=\"og:type\" content=\"article\" \/>\n<meta property=\"og:title\" content=\"Descubre Nuestros Vinos - Real Agrado\" \/>\n<meta property=\"og:description\" content=\"Vinos\" \/>\n<meta property=\"og:url\" content=\"https:\/\/realagrado.com\/en\/home-real-agrado-rioja-wine\/descubre-nuestros-vinos\/\" \/>\n<meta property=\"og:site_name\" content=\"Real Agrado\" \/>\n<meta property=\"article:modified_time\" content=\"2020-09-23T11:28:55+00:00\" \/>\n<meta name=\"twitter:card\" content=\"summary_large_image\" \/>\n<meta name=\"twitter:label1\" content=\"Est. reading time\" \/>\n\t<meta name=\"twitter:data1\" content=\"1 minute\" \/>\n<script type=\"application\/ld+json\" class=\"yoast-schema-graph\">{\"@context\":\"https:\/\/schema.org\",\"@graph\":[{\"@type\":\"WebPage\",\"@id\":\"https:\/\/realagrado.com\/en\/home-real-agrado-rioja-wine\/descubre-nuestros-vinos\/\",\"url\":\"https:\/\/realagrado.com\/en\/home-real-agrado-rioja-wine\/descubre-nuestros-vinos\/\",\"name\":\"Descubre Nuestros Vinos - Real Agrado\",\"isPartOf\":{\"@id\":\"https:\/\/realagrado.com\/#website\"},\"datePublished\":\"2020-09-08T11:57:19+00:00\",\"dateModified\":\"2020-09-23T11:28:55+00:00\",\"breadcrumb\":{\"@id\":\"https:\/\/realagrado.com\/en\/home-real-agrado-rioja-wine\/descubre-nuestros-vinos\/#breadcrumb\"},\"inLanguage\":\"en-US\",\"potentialAction\":[{\"@type\":\"ReadAction\",\"target\":[\"https:\/\/realagrado.com\/en\/home-real-agrado-rioja-wine\/descubre-nuestros-vinos\/\"]}]},{\"@type\":\"BreadcrumbList\",\"@id\":\"https:\/\/realagrado.com\/en\/home-real-agrado-rioja-wine\/descubre-nuestros-vinos\/#breadcrumb\",\"itemListElement\":[{\"@type\":\"ListItem\",\"position\":1,\"name\":\"Portada\",\"item\":\"https:\/\/realagrado.com\/en\/\"},{\"@type\":\"ListItem\",\"position\":2,\"name\":\"Home\",\"item\":\"https:\/\/realagrado.com\/en\/\"},{\"@type\":\"ListItem\",\"position\":3,\"name\":\"Descubre Nuestros Vinos\"}]},{\"@type\":\"WebSite\",\"@id\":\"https:\/\/realagrado.com\/#website\",\"url\":\"https:\/\/realagrado.com\/\",\"name\":\"Real Agrado\",\"description\":\"Real Agrado comienza en 1974 con la plantaci\u00f3n de vi\u00f1edo en las 100 hect\u00e1reas que poseemos, situadas entre los municipios riojanos de Aldeanueva de Ebro y Alfaro.\",\"potentialAction\":[{\"@type\":\"SearchAction\",\"target\":{\"@type\":\"EntryPoint\",\"urlTemplate\":\"https:\/\/realagrado.com\/?s={search_term_string}\"},\"query-input\":{\"@type\":\"PropertyValueSpecification\",\"valueRequired\":true,\"valueName\":\"search_term_string\"}}],\"inLanguage\":\"en-US\"}]}<\/script>\n<!-- \/ Yoast SEO plugin. -->","yoast_head_json":{"title":"Descubre Nuestros Vinos - Real Agrado","robots":{"index":"index","follow":"follow","max-snippet":"max-snippet:-1","max-image-preview":"max-image-preview:large","max-video-preview":"max-video-preview:-1"},"canonical":"https:\/\/realagrado.com\/en\/home-real-agrado-rioja-wine\/descubre-nuestros-vinos\/","og_locale":"en_US","og_type":"article","og_title":"Descubre Nuestros Vinos - Real Agrado","og_description":"Vinos","og_url":"https:\/\/realagrado.com\/en\/home-real-agrado-rioja-wine\/descubre-nuestros-vinos\/","og_site_name":"Real Agrado","article_modified_time":"2020-09-23T11:28:55+00:00","twitter_card":"summary_large_image","twitter_misc":{"Est. reading time":"1 minute"},"schema":{"@context":"https:\/\/schema.org","@graph":[{"@type":"WebPage","@id":"https:\/\/realagrado.com\/en\/home-real-agrado-rioja-wine\/descubre-nuestros-vinos\/","url":"https:\/\/realagrado.com\/en\/home-real-agrado-rioja-wine\/descubre-nuestros-vinos\/","name":"Descubre Nuestros Vinos - Real Agrado","isPartOf":{"@id":"https:\/\/realagrado.com\/#website"},"datePublished":"2020-09-08T11:57:19+00:00","dateModified":"2020-09-23T11:28:55+00:00","breadcrumb":{"@id":"https:\/\/realagrado.com\/en\/home-real-agrado-rioja-wine\/descubre-nuestros-vinos\/#breadcrumb"},"inLanguage":"en-US","potentialAction":[{"@type":"ReadAction","target":["https:\/\/realagrado.com\/en\/home-real-agrado-rioja-wine\/descubre-nuestros-vinos\/"]}]},{"@type":"BreadcrumbList","@id":"https:\/\/realagrado.com\/en\/home-real-agrado-rioja-wine\/descubre-nuestros-vinos\/#breadcrumb","itemListElement":[{"@type":"ListItem","position":1,"name":"Portada","item":"https:\/\/realagrado.com\/en\/"},{"@type":"ListItem","position":2,"name":"Home","item":"https:\/\/realagrado.com\/en\/"},{"@type":"ListItem","position":3,"name":"Descubre Nuestros Vinos"}]},{"@type":"WebSite","@id":"https:\/\/realagrado.com\/#website","url":"https:\/\/realagrado.com\/","name":"Real Agrado","description":"Real Agrado comienza en 1974 con la plantaci\u00f3n de vi\u00f1edo en las 100 hect\u00e1reas que poseemos, situadas entre los municipios riojanos de Aldeanueva de Ebro y Alfaro.","potentialAction":[{"@type":"SearchAction","target":{"@type":"EntryPoint","urlTemplate":"https:\/\/realagrado.com\/?s={search_term_string}"},"query-input":{"@type":"PropertyValueSpecification","valueRequired":true,"valueName":"search_term_string"}}],"inLanguage":"en-US"}]}},"_links":{"self":[{"href":"https:\/\/realagrado.com\/en\/wp-json\/wp\/v2\/pages\/3420","targetHints":{"allow":["GET"]}}],"collection":[{"href":"https:\/\/realagrado.com\/en\/wp-json\/wp\/v2\/pages"}],"about":[{"href":"https:\/\/realagrado.com\/en\/wp-json\/wp\/v2\/types\/page"}],"author":[{"embeddable":true,"href":"https:\/\/realagrado.com\/en\/wp-json\/wp\/v2\/users\/2"}],"replies":[{"embeddable":true,"href":"https:\/\/realagrado.com\/en\/wp-json\/wp\/v2\/comments?post=3420"}],"version-history":[{"count":3,"href":"https:\/\/realagrado.com\/en\/wp-json\/wp\/v2\/pages\/3420\/revisions"}],"predecessor-version":[{"id":3507,"href":"https:\/\/realagrado.com\/en\/wp-json\/wp\/v2\/pages\/3420\/revisions\/3507"}],"up":[{"embeddable":true,"href":"https:\/\/realagrado.com\/en\/wp-json\/wp\/v2\/pages\/3397"}],"wp:attachment":[{"href":"https:\/\/realagrado.com\/en\/wp-json\/wp\/v2\/media?parent=3420"}],"curies":[{"name":"wp","href":"https:\/\/api.w.org\/{rel}","templated":true}]}}